{"id":1867,"date":"2020-07-21T13:03:37","date_gmt":"2020-07-21T11:03:37","guid":{"rendered":"http:\/\/icaspa.akb36hfygl-ewl6nk0jw652.p.runcloud.link\/assistenza-clienti\/"},"modified":"2022-02-03T16:18:33","modified_gmt":"2022-02-03T14:18:33","slug":"assistenza-clienti","status":"publish","type":"page","link":"https:\/\/icaspa.it\/en\/assistenza-clienti\/","title":{"rendered":"Customer support"},"content":{"rendered":"\t<div class=\"holder-block\">\n\t\t<div class=\"container\">\n\t\t\t\t\t\t\t<aside class=\"sidebar-main\">\n\t\t\t\t\t\t\t\t\t\t\t<h2 class=\"content-desktop\">Customer support<\/h2>\n\t\t\t\t\t\t\t\t\t\t \n\t\t\t\t\t\t<div class=\"text-decor\">\n\t\t\t\t\t\t\t<p>Hours and contacts <br>Dal luned\u00ec al venerd\u00ec dalle 8.00 alle 17.30 escluse festivit\u00e0<\/p>\n\t\t\t\t\t\t<\/div>\n\t\t\t\t\t\t\t\t\t\t\t\t\t\t\t\t<ul class=\"contact-list\">\n\t\t\t\t\t\t\t\t\t\t\t\t\t\t\t<li><strong>Tel.<\/strong><a href=\"tel:390516017922\">+ 39 051 6017 922<\/a><\/li>\n\t\t\t\t\t\t\t\t\t\t\t\t\t\t\t\t\t\t\t\t\t\t<li><strong>Fax<\/strong><a href=\"tel:390516017841\">+ 39 051 6017 841<\/a><\/li>\n\t\t\t\t\t\t\t\t\t\t\t\t\t\t\t\t\t\t\t\t\t\t<li><strong>Mail<\/strong><a href=\"mailto:&#97;f&#116;&#64;&#105;ca&#115;p&#97;.it\">a&#102;t&#64;&#105;&#99;a&#115;p&#97;&#46;it<\/a><\/li>\n\t\t\t\t\t\t\t\t\t\t\t\t\t<\/ul>\n\t\t\t\t\t\t\t\t\t<\/aside>\n\t\t\t\t\t\t\t\t\t\t<div class=\"content-main bg-gray\">\n\t\t\t\t\t\t\t\t\t\t\t<div class=\"text-holder\">\n\t\t\t\t\t\t\t<p>Fill out the form below and submit your request to ICA. Our fully trained customer support team will take care of your request and help you to solve any machine problem.<\/p>\n<p><strong>Remote assistance through internet:<\/strong><br \/>\nA remote technical support service will take care of your request. This type of support requires the machine to be connected to the internet or VPN.<\/p>\n<p><strong>On-site support:<\/strong><br \/>\nOur technicians will visit with your team at your production facility<\/p>\n\t\t\t\t\t\t<\/div>\n\t\t\t\t\t\t\t\t\t\t\n<div class=\"wpcf7 no-js\" id=\"wpcf7-f2104-o1\" lang=\"en-US\" dir=\"ltr\" data-wpcf7-id=\"2104\">\n<div class=\"screen-reader-response\"><p role=\"status\" aria-live=\"polite\" aria-atomic=\"true\"><\/p> <ul><\/ul><\/div>\n<form action=\"\/en\/wp-json\/wp\/v2\/pages\/1867#wpcf7-f2104-o1\" method=\"post\" class=\"wpcf7-form init\" aria-label=\"Contact form\" novalidate=\"novalidate\" data-status=\"init\">\n<fieldset class=\"hidden-fields-container\"><input type=\"hidden\" name=\"_wpcf7\" value=\"2104\" \/><input type=\"hidden\" name=\"_wpcf7_version\" value=\"6.1.1\" \/><input type=\"hidden\" name=\"_wpcf7_locale\" value=\"en_US\" \/><input type=\"hidden\" name=\"_wpcf7_unit_tag\" value=\"wpcf7-f2104-o1\" \/><input type=\"hidden\" name=\"_wpcf7_container_post\" value=\"0\" \/><input type=\"hidden\" name=\"_wpcf7_posted_data_hash\" value=\"\" \/><input type=\"hidden\" name=\"_wpcf7_recaptcha_response\" value=\"\" \/>\n<\/fieldset>\n<div class=\"form-group\">\n\t<span class=\"wpcf7-form-control-wrap\" data-name=\"firstname\"><input size=\"40\" maxlength=\"400\" class=\"wpcf7-form-control wpcf7-text wpcf7-validates-as-required\" aria-required=\"true\" aria-invalid=\"false\" placeholder=\"Nome\" value=\"\" type=\"text\" name=\"firstname\" \/><\/span>\n\t<span class=\"wpcf7-form-control-wrap\" data-name=\"lastname\"><input size=\"40\" maxlength=\"400\" class=\"wpcf7-form-control wpcf7-text wpcf7-validates-as-required\" aria-required=\"true\" aria-invalid=\"false\" placeholder=\"Cognome\" value=\"\" type=\"text\" name=\"lastname\" \/><\/span>\n<\/div>\n<span class=\"wpcf7-form-control-wrap\" data-name=\"city\"><input size=\"40\" maxlength=\"400\" class=\"wpcf7-form-control wpcf7-text wpcf7-validates-as-required\" aria-required=\"true\" aria-invalid=\"false\" placeholder=\"Citt\u00e0\" value=\"\" type=\"text\" name=\"city\" \/><\/span>\n<span class=\"wpcf7-form-control-wrap\" data-name=\"company\"><input size=\"40\" maxlength=\"400\" class=\"wpcf7-form-control wpcf7-text\" aria-invalid=\"false\" placeholder=\"Nome Azienda\" value=\"\" type=\"text\" name=\"company\" \/><\/span>\n<div class=\"form-group\">\n\t<span class=\"wpcf7-form-control-wrap\" data-name=\"phone\"><input size=\"40\" maxlength=\"400\" class=\"wpcf7-form-control wpcf7-tel wpcf7-validates-as-required wpcf7-text wpcf7-validates-as-tel\" aria-required=\"true\" aria-invalid=\"false\" placeholder=\"Telefono\" value=\"\" type=\"tel\" name=\"phone\" \/><\/span>\n\t<span class=\"wpcf7-form-control-wrap\" data-name=\"your-email\"><input size=\"40\" maxlength=\"400\" class=\"wpcf7-form-control wpcf7-email wpcf7-validates-as-required wpcf7-text wpcf7-validates-as-email\" aria-required=\"true\" aria-invalid=\"false\" placeholder=\"Mail\" value=\"\" type=\"email\" name=\"your-email\" \/><\/span>\n<\/div>\n<span class=\"wpcf7-form-control-wrap\" data-name=\"serial-number\"><input size=\"40\" maxlength=\"400\" class=\"wpcf7-form-control wpcf7-text wpcf7-validates-as-required\" aria-required=\"true\" aria-invalid=\"false\" placeholder=\"Codice Linea \/ Matricola Macchina\" value=\"\" type=\"text\" name=\"serial-number\" \/><\/span>\n<div class=\"select-holder\">\n\t<span class=\"wpcf7-form-control-wrap\" data-name=\"type\"><select class=\"wpcf7-form-control wpcf7-select wpcf7-validates-as-required\" aria-required=\"true\" aria-invalid=\"false\" name=\"type\"><option value=\"\">Tipo di richiesta<\/option><option value=\"Assistenza\">Assistenza<\/option><option value=\"Documentazione tecnica\">Documentazione tecnica<\/option><option value=\"Parti di ricambio\">Parti di ricambio<\/option><option value=\"Richiesta collaudo\">Richiesta collaudo<\/option><option value=\"Manutenzione\">Manutenzione<\/option><option value=\"Altro\">Altro<\/option><\/select><\/span>\n<\/div>\n<span class=\"wpcf7-form-control-wrap\" data-name=\"message\"><textarea cols=\"40\" rows=\"10\" maxlength=\"2000\" class=\"wpcf7-form-control wpcf7-textarea\" aria-invalid=\"false\" placeholder=\"Messaggio\" name=\"message\"><\/textarea><\/span>\n<div class=\"check-holder\">\n\t<input data-required=\"true\" class=\"accept\" type=\"checkbox\" checked=\"checked\" id=\"checkbox-1\">\n\t<label for=\"checkbox-1\">Privacy Policy. Ai sensi del D. Lgs 196\/03<\/label>\n<\/div>\n<button type=\"submit\">Invia richiesta<\/button><div class=\"wpcf7-response-output\" aria-hidden=\"true\"><\/div>\n<\/form>\n<\/div>\n\t\t\t\t<\/div>\n\t\t\t\t\t<\/div>\n\t<\/div>\n\n\n\t<div class=\"content-section\" style=\"background-image: url(https:\/\/icaspa.it\/wp-content\/uploads\/2020\/07\/img-bg02.jpg);\">\n\t\t<div class=\"container\">\n\t\t\t\t\t\t\t<h1>FOR 50 YEARS WE HAVE BEEN SYNONYMOUS WITH QUALITY<\/h1>\n\t\t\t\t\t\t\t\t\t\t<a href=\"https:\/\/icaspa.it\/en\/azienda\/\"  class=\"btn\">FIND OUT MORE<\/a>\n\t\t\t\t\t<\/div>\n\t<\/div>\n","protected":false},"excerpt":{"rendered":"","protected":false},"author":2,"featured_media":0,"parent":0,"menu_order":0,"comment_status":"closed","ping_status":"closed","template":"","meta":{"_acf_changed":false,"footnotes":""},"class_list":["post-1867","page","type-page","status-publish","hentry"],"acf":[],"_links":{"self":[{"href":"https:\/\/icaspa.it\/en\/wp-json\/wp\/v2\/pages\/1867","targetHints":{"allow":["GET"]}}],"collection":[{"href":"https:\/\/icaspa.it\/en\/wp-json\/wp\/v2\/pages"}],"about":[{"href":"https:\/\/icaspa.it\/en\/wp-json\/wp\/v2\/types\/page"}],"author":[{"embeddable":true,"href":"https:\/\/icaspa.it\/en\/wp-json\/wp\/v2\/users\/2"}],"replies":[{"embeddable":true,"href":"https:\/\/icaspa.it\/en\/wp-json\/wp\/v2\/comments?post=1867"}],"version-history":[{"count":10,"href":"https:\/\/icaspa.it\/en\/wp-json\/wp\/v2\/pages\/1867\/revisions"}],"predecessor-version":[{"id":3094,"href":"https:\/\/icaspa.it\/en\/wp-json\/wp\/v2\/pages\/1867\/revisions\/3094"}],"wp:attachment":[{"href":"https:\/\/icaspa.it\/en\/wp-json\/wp\/v2\/media?parent=1867"}],"curies":[{"name":"wp","href":"https:\/\/api.w.org\/{rel}","templated":true}]}}